{"id":18,"date":"2025-03-18T17:47:21","date_gmt":"2025-03-18T16:47:21","guid":{"rendered":"https:\/\/huvo.hr\/?page_id=18"},"modified":"2026-03-08T12:03:18","modified_gmt":"2026-03-08T11:03:18","slug":"uclani-se","status":"publish","type":"page","link":"https:\/\/huvo.hr\/index.php\/uclani-se\/","title":{"rendered":"U\u010dlani se"},"content":{"rendered":"\n<p>Kroz ostvarenje ciljeva, Udruga \u017eeli doprinijeti stvaranju sna\u017ene, inkluzivne i odr\u017eive zajednice u kojoj svaki pojedinac ima priliku ostvariti svoja zakonska prava i potencijal u sportu. Detalji na\u0161ih ciljeva i misija nalaze se <a href=\"https:\/\/huvo.hr\/index.php\/ciljevi\/\" data-type=\"page\" data-id=\"12\">ovdje<\/a>. <\/p>\n\n\n\n<p><strong>Da bismo ostvarili zacrtane ciljeve trebamo Vas da svojim idejama i aktivnim uklju\u010divanjem doprinesete i oplemenite Udrugu.<\/strong><br><br>Naravno, za to su potrebna i odgovaraju\u0107a financijska sredstva, \u010dlanarina u simboli\u010dnom iznosu od 25,00 \u20ac godi\u0161nje. Vjerujemo da \u0107emo kroz apliciranje na projekte i programe uspjeti ostvariti odre\u0111ena financijska sredstva za ostvarenje ciljeva.<br><br>Ve\u0107 sada smo se pobrinuli da \u010dlanovi ostvare odre\u0111ene benefite od partnera udruge.<br><\/p>\n\n\n\n<p class=\"has-medium-font-size\"><strong>Kako se u\u010dlaniti?<\/strong><\/p>\n\n\n\n<ol class=\"wp-block-list\">\n<li class=\"has-medium-font-size\"><strong>Preuzmite i ispunite upisnicu udruge i po\u0161aljite na e-mail web@huvo.hr:<\/strong><br><a href=\"http:\/\/huvo.hr\/datoteke\/upisnica2026.pdf\">UPISNICA HUVO<\/a><\/li>\n\n\n\n<li class=\"has-medium-font-size\"><strong>Izvr\u0161ite uplatu kao prikazano ispod<\/strong><\/li>\n\n\n\n<li class=\"has-medium-font-size\"><strong>Nakon \u0161to preuzmete va\u0161u \u010dlansku iskaznicu, kako biste imali pun pristup sadr\u017eaju na web-stranici, ispunite ovaj digitalni formular:<\/strong><\/li>\n<\/ol>\n\n\n\n<p>\u010clanarinu uplatite kao slijede\u0107e:<br><a href=\"http:\/\/huvo.hr\/datoteke\/uplatnica2.pdf\">Download uplatnice<\/a> (pdf)<br><a href=\"http:\/\/huvo.hr\/datoteke\/uplatnica.jpg\">Download uplatnice<\/a> (Slika)<\/p>\n\n\n\n<figure class=\"wp-block-image size-large\"><img loading=\"lazy\" decoding=\"async\" width=\"1024\" height=\"429\" src=\"https:\/\/huvo.hr\/wp-content\/uploads\/2026\/03\/slika_2026-03-08_114049625-1024x429.png\" alt=\"\" class=\"wp-image-1825\" srcset=\"https:\/\/huvo.hr\/wp-content\/uploads\/2026\/03\/slika_2026-03-08_114049625-1024x429.png 1024w, https:\/\/huvo.hr\/wp-content\/uploads\/2026\/03\/slika_2026-03-08_114049625-300x126.png 300w, https:\/\/huvo.hr\/wp-content\/uploads\/2026\/03\/slika_2026-03-08_114049625-768x322.png 768w, https:\/\/huvo.hr\/wp-content\/uploads\/2026\/03\/slika_2026-03-08_114049625-465x195.png 465w, https:\/\/huvo.hr\/wp-content\/uploads\/2026\/03\/slika_2026-03-08_114049625-695x291.png 695w, https:\/\/huvo.hr\/wp-content\/uploads\/2026\/03\/slika_2026-03-08_114049625-640x268.png 640w, https:\/\/huvo.hr\/wp-content\/uploads\/2026\/03\/slika_2026-03-08_114049625.png 1264w\" sizes=\"auto, (max-width: 1024px) 100vw, 1024px\" \/><\/figure>\n\n\n\n<p><br>Hrv. udruga vl. oru\u017eja<br>Zagreba\u010dka 76<br>Velika Gorica<br><br>IBAN: HR68 2402 0061 1012 6929 2<br>Poziv na broj: 2026-OIB<br>Opis: Uplata \u010dlanarine 2026<\/p>\n\n\n\n<p class=\"has-large-font-size\"><strong>3% popusta na robu u trgovinama:<\/strong><\/p>\n\n\n\n<figure class=\"wp-block-table is-style-stripes\"><table class=\"has-fixed-layout\"><tbody><tr><td><img loading=\"lazy\" decoding=\"async\" width=\"150\" height=\"29\" class=\"wp-image-90\" style=\"width: 150px;\" src=\"https:\/\/huvo.hr\/wp-content\/uploads\/2025\/03\/k-a.png\" alt=\"\"><br><\/td><td>KAVUR-ARMA d.o.o.<br>Ul. Dr. Jurja Dobrile 42, Velika Gorica<\/td><\/tr><tr><td><img loading=\"lazy\" decoding=\"async\" width=\"72\" height=\"68\" class=\"wp-image-91\" style=\"width: 72px;\" src=\"https:\/\/huvo.hr\/wp-content\/uploads\/2025\/03\/slika_2025-03-19_121716261.png\" alt=\"\"><\/td><td>DETONEX d.o.o.<br>Horva\u0107anska cesta 23, Zagreb<\/td><\/tr><tr><td><img loading=\"lazy\" decoding=\"async\" width=\"78\" height=\"64\" class=\"wp-image-92\" style=\"width: 78px;\" src=\"https:\/\/huvo.hr\/wp-content\/uploads\/2025\/03\/slika_2025-03-19_121815106.png\" alt=\"\"><\/td><td>BRUNER<br>Visoka 36, Split<\/td><\/tr><tr><td><img loading=\"lazy\" decoding=\"async\" width=\"95\" height=\"52\" class=\"wp-image-93\" style=\"width: 95px;\" src=\"https:\/\/huvo.hr\/wp-content\/uploads\/2025\/03\/slika_2025-03-19_121913609.png\" alt=\"\"><\/td><td>RUSAN-MIKRON d.o.o.<br>Hum Bistri\u010dki 142a, 49246 Marija Bistrica<\/td><\/tr><tr><td><img loading=\"lazy\" decoding=\"async\" width=\"70\" height=\"51\" class=\"wp-image-94\" style=\"width: 70px;\" src=\"https:\/\/huvo.hr\/wp-content\/uploads\/2025\/03\/slika_2025-03-19_121955637.png\" alt=\"\"><\/td><td>PU\u0160KARSTVO \u0160TROK<br>Slavenskoga ulica 1 (TPC Pre\u010dko, lok. 129) Zagreb<\/td><\/tr><tr><td><img loading=\"lazy\" decoding=\"async\" width=\"78\" height=\"63\" class=\"wp-image-95\" style=\"width: 78px;\" src=\"https:\/\/huvo.hr\/wp-content\/uploads\/2025\/03\/slika_2025-03-19_122028779.png\" alt=\"\"><\/td><td>DENI HUNTING d.o.o.<br>Put Vuki\u0107a 13, Zadar<\/td><\/tr><tr><td><img loading=\"lazy\" decoding=\"async\" width=\"102\" height=\"64\" class=\"wp-image-655\" style=\"width: 102px;\" src=\"https:\/\/huvo.hr\/wp-content\/uploads\/2025\/04\/rusan-hunting-logo_1.png\" alt=\"\"><\/td><td>RUSAN HUNTING<br>Charlesa Darwina 8,<br>10 000 Zagreb, Croatia<\/td><\/tr><tr><td><img loading=\"lazy\" decoding=\"async\" width=\"100\" height=\"78\" class=\"wp-image-717\" style=\"width: 100px;\" src=\"https:\/\/huvo.hr\/wp-content\/uploads\/2025\/04\/pointer.png\" alt=\"\"><\/td><td>TRGOVINA POINTER<br>Ul.Kralja Zvonimira 19<br>Drni\u0161<\/td><\/tr><tr><td><img loading=\"lazy\" decoding=\"async\" width=\"100\" height=\"55\" class=\"wp-image-754\" style=\"width: 100px;\" src=\"https:\/\/huvo.hr\/wp-content\/uploads\/2025\/04\/mazur.png\" alt=\"\"><\/td><td>Trgovina i servis oru\u017eja Mazur<br>Kneza Branimira 2<br>31327 Bilje<\/td><\/tr><\/tbody><\/table><\/figure>\n\n\n\n<p class=\"has-large-font-size\"><strong>10% popusta na usluge u servisu oru\u017eja<\/strong><\/p>\n\n\n\n<figure class=\"wp-block-table is-style-stripes\"><table class=\"has-fixed-layout\"><tbody><tr><td><img loading=\"lazy\" decoding=\"async\" width=\"71\" height=\"63\" class=\"wp-image-96\" style=\"width: 71px;\" src=\"https:\/\/huvo.hr\/wp-content\/uploads\/2025\/03\/slika_2025-03-19_122552259.png\" alt=\"\"><\/td><td>KAVUR servis oru\u017eja<br>Ul. Dr. Jurja Dobrile 42, Velika Gorica<\/td><\/tr><tr><td><img loading=\"lazy\" decoding=\"async\" width=\"95\" height=\"52\" class=\"wp-image-93\" style=\"width: 95px;\" src=\"https:\/\/huvo.hr\/wp-content\/uploads\/2025\/03\/slika_2025-03-19_121913609.png\" alt=\"\"><\/td><td>RUSAN-MIKRON d.o.o.<br>Hum Bistri\u010dki 142a, 49246 Marija Bistrica<\/td><\/tr><tr><td><img loading=\"lazy\" decoding=\"async\" width=\"78\" height=\"64\" class=\"wp-image-92\" style=\"width: 78px;\" src=\"https:\/\/huvo.hr\/wp-content\/uploads\/2025\/03\/slika_2025-03-19_121815106.png\" alt=\"\"><\/td><td>BRUNER<br>Visoka 36, Split<\/td><\/tr><tr><td><img loading=\"lazy\" decoding=\"async\" width=\"90\" height=\"66\" class=\"wp-image-94\" style=\"width: 90px;\" src=\"https:\/\/huvo.hr\/wp-content\/uploads\/2025\/03\/slika_2025-03-19_121955637.png\" alt=\"\"><\/td><td>PU\u0160KARSTVO \u0160TROK<br>Slavenskoga ulica 1 (TPC Pre\u010dko, lok. 129) Zagreb<\/td><\/tr><tr><td><img loading=\"lazy\" decoding=\"async\" width=\"100\" height=\"35\" class=\"wp-image-738\" style=\"width: 100px;\" src=\"https:\/\/huvo.hr\/wp-content\/uploads\/2025\/04\/Competition-Rifle-Servis-Digital-book.png\" alt=\"\"><\/td><td>Competition Rifle Servis j.d.o.o.<br>Desprimska ulica 17<br>Zagreb, Hrvatska<\/td><\/tr><tr><td><img loading=\"lazy\" decoding=\"async\" width=\"100\" height=\"55\" class=\"wp-image-754\" style=\"width: 100px;\" src=\"https:\/\/huvo.hr\/wp-content\/uploads\/2025\/04\/mazur.png\" alt=\"\"><\/td><td>Trgovina i servis oru\u017eja Mazur<br>Kneza Branimira 2<br>31327 Bilje<\/td><\/tr><\/tbody><\/table><\/figure>\n\n\n\n<p><strong>Va\u017eno: Navedeni benefit mogu\u0107e je po\u010deti konzumirati tek 14 dana poslije vidljive uplate \u010dlanarine (37,00 \u20ac).<\/strong><\/p>\n\n\n\n<p>Sve benefite udruge mogu ravnopravno iskoristiti svi \u010dlanovi udruge bez obzira na mjesto prebivali\u0161ta.<br>Veselimo se predstoje\u0107im aktivnostima i ugodnom dru\u017eenju.<\/p>\n","protected":false},"excerpt":{"rendered":"<p>Kroz ostvarenje ciljeva, Udruga \u017eeli doprinijeti stvaranju sna\u017ene, inkluzivne i odr\u017eive zajednice u kojoj svaki pojedinac ima priliku ostvariti svoja zakonska prava i potencijal u sportu. Detalji na\u0161ih ciljeva i misija nalaze se ovdje. Da bismo ostvarili zacrtane ciljeve trebamo Vas da svojim idejama i aktivnim uklju\u010divanjem doprinesete i oplemenite<span class=\"more-link\"><a href=\"https:\/\/huvo.hr\/index.php\/uclani-se\/\">Nastavite \u010ditati<\/a><\/span><\/p>\n","protected":false},"author":1,"featured_media":51,"parent":0,"menu_order":0,"comment_status":"closed","ping_status":"closed","template":"","meta":{"footnotes":""},"class_list":["entry","author-huvo-admin","post-18","page","type-page","status-publish","has-post-thumbnail"],"yoast_head":"<!-- This site is optimized with the Yoast SEO plugin v26.3 - https:\/\/yoast.com\/wordpress\/plugins\/seo\/ -->\n<title>U\u010dlani se - HUVO<\/title>\n<meta name=\"robots\" content=\"index, follow, max-snippet:-1, max-image-preview:large, max-video-preview:-1\" \/>\n<link rel=\"canonical\" href=\"https:\/\/huvo.hr\/index.php\/uclani-se\/\" \/>\n<meta property=\"og:locale\" content=\"hr_HR\" \/>\n<meta property=\"og:type\" content=\"article\" \/>\n<meta property=\"og:title\" content=\"U\u010dlani se, postani dio mre\u017ee!\" \/>\n<meta property=\"og:description\" content=\"Kroz ostvarenje ciljeva, Udruga \u017eeli doprinijeti stvaranju sna\u017ene, inkluzivne i odr\u017eive zajednice u kojoj svaki pojedinac ima priliku ostvariti svoja zakonska prava i potencijal u sportu. Detalji na\u0161ih ciljeva i misija nalaze se ovdje. Da bismo ostvarili zacrtane ciljeve trebamo Vas da svojim idejama i aktivnim uklju\u010divanjem doprinesete i oplemeniteNastavite \u010ditati\" \/>\n<meta property=\"og:url\" content=\"https:\/\/huvo.hr\/index.php\/uclani-se\/\" \/>\n<meta property=\"og:site_name\" content=\"HUVO\" \/>\n<meta property=\"article:publisher\" content=\"https:\/\/www.facebook.com\/profile.php?id=61573187773280\" \/>\n<meta property=\"article:modified_time\" content=\"2026-03-08T11:03:18+00:00\" \/>\n<meta property=\"og:image\" content=\"https:\/\/huvo.hr\/wp-content\/uploads\/2025\/03\/clan.png\" \/>\n\t<meta property=\"og:image:width\" content=\"1500\" \/>\n\t<meta property=\"og:image:height\" content=\"520\" \/>\n\t<meta property=\"og:image:type\" content=\"image\/png\" \/>\n<meta name=\"twitter:card\" content=\"summary_large_image\" \/>\n<meta name=\"twitter:label1\" content=\"Procijenjeno vrijeme \u010ditanja\" \/>\n\t<meta name=\"twitter:data1\" content=\"6 minuta\" \/>\n<script type=\"application\/ld+json\" class=\"yoast-schema-graph\">{\"@context\":\"https:\/\/schema.org\",\"@graph\":[{\"@type\":\"WebPage\",\"@id\":\"https:\/\/huvo.hr\/index.php\/uclani-se\/\",\"url\":\"https:\/\/huvo.hr\/index.php\/uclani-se\/\",\"name\":\"U\u010dlani se - HUVO\",\"isPartOf\":{\"@id\":\"https:\/\/huvo.hr\/#website\"},\"primaryImageOfPage\":{\"@id\":\"https:\/\/huvo.hr\/index.php\/uclani-se\/#primaryimage\"},\"image\":{\"@id\":\"https:\/\/huvo.hr\/index.php\/uclani-se\/#primaryimage\"},\"thumbnailUrl\":\"https:\/\/huvo.hr\/wp-content\/uploads\/2025\/03\/clan.png\",\"datePublished\":\"2025-03-18T16:47:21+00:00\",\"dateModified\":\"2026-03-08T11:03:18+00:00\",\"breadcrumb\":{\"@id\":\"https:\/\/huvo.hr\/index.php\/uclani-se\/#breadcrumb\"},\"inLanguage\":\"hr\",\"potentialAction\":[{\"@type\":\"ReadAction\",\"target\":[\"https:\/\/huvo.hr\/index.php\/uclani-se\/\"]}]},{\"@type\":\"ImageObject\",\"inLanguage\":\"hr\",\"@id\":\"https:\/\/huvo.hr\/index.php\/uclani-se\/#primaryimage\",\"url\":\"https:\/\/huvo.hr\/wp-content\/uploads\/2025\/03\/clan.png\",\"contentUrl\":\"https:\/\/huvo.hr\/wp-content\/uploads\/2025\/03\/clan.png\",\"width\":1500,\"height\":520},{\"@type\":\"BreadcrumbList\",\"@id\":\"https:\/\/huvo.hr\/index.php\/uclani-se\/#breadcrumb\",\"itemListElement\":[{\"@type\":\"ListItem\",\"position\":1,\"name\":\"Po\u010detna stranica\",\"item\":\"https:\/\/huvo.hr\/\"},{\"@type\":\"ListItem\",\"position\":2,\"name\":\"U\u010dlani se\"}]},{\"@type\":\"WebSite\",\"@id\":\"https:\/\/huvo.hr\/#website\",\"url\":\"https:\/\/huvo.hr\/\",\"name\":\"HUVO\",\"description\":\"Glas vlasnika oru\u017eja u Hrvatskoj\",\"publisher\":{\"@id\":\"https:\/\/huvo.hr\/#organization\"},\"potentialAction\":[{\"@type\":\"SearchAction\",\"target\":{\"@type\":\"EntryPoint\",\"urlTemplate\":\"https:\/\/huvo.hr\/?s={search_term_string}\"},\"query-input\":{\"@type\":\"PropertyValueSpecification\",\"valueRequired\":true,\"valueName\":\"search_term_string\"}}],\"inLanguage\":\"hr\"},{\"@type\":\"Organization\",\"@id\":\"https:\/\/huvo.hr\/#organization\",\"name\":\"Hrvatska udruga vlasnika oru\u017eja\",\"url\":\"https:\/\/huvo.hr\/\",\"logo\":{\"@type\":\"ImageObject\",\"inLanguage\":\"hr\",\"@id\":\"https:\/\/huvo.hr\/#\/schema\/logo\/image\/\",\"url\":\"https:\/\/huvo.hr\/wp-content\/uploads\/2025\/03\/logoHQ.png\",\"contentUrl\":\"https:\/\/huvo.hr\/wp-content\/uploads\/2025\/03\/logoHQ.png\",\"width\":451,\"height\":119,\"caption\":\"Hrvatska udruga vlasnika oru\u017eja\"},\"image\":{\"@id\":\"https:\/\/huvo.hr\/#\/schema\/logo\/image\/\"},\"sameAs\":[\"https:\/\/www.facebook.com\/profile.php?id=61573187773280\",\"https:\/\/www.youtube.com\/@HUVO.HRVATSKA\"]}]}<\/script>\n<!-- \/ Yoast SEO plugin. -->","yoast_head_json":{"title":"U\u010dlani se - HUVO","robots":{"index":"index","follow":"follow","max-snippet":"max-snippet:-1","max-image-preview":"max-image-preview:large","max-video-preview":"max-video-preview:-1"},"canonical":"https:\/\/huvo.hr\/index.php\/uclani-se\/","og_locale":"hr_HR","og_type":"article","og_title":"U\u010dlani se, postani dio mre\u017ee!","og_description":"Kroz ostvarenje ciljeva, Udruga \u017eeli doprinijeti stvaranju sna\u017ene, inkluzivne i odr\u017eive zajednice u kojoj svaki pojedinac ima priliku ostvariti svoja zakonska prava i potencijal u sportu. Detalji na\u0161ih ciljeva i misija nalaze se ovdje. Da bismo ostvarili zacrtane ciljeve trebamo Vas da svojim idejama i aktivnim uklju\u010divanjem doprinesete i oplemeniteNastavite \u010ditati","og_url":"https:\/\/huvo.hr\/index.php\/uclani-se\/","og_site_name":"HUVO","article_publisher":"https:\/\/www.facebook.com\/profile.php?id=61573187773280","article_modified_time":"2026-03-08T11:03:18+00:00","og_image":[{"width":1500,"height":520,"url":"https:\/\/huvo.hr\/wp-content\/uploads\/2025\/03\/clan.png","type":"image\/png"}],"twitter_card":"summary_large_image","twitter_misc":{"Procijenjeno vrijeme \u010ditanja":"6 minuta"},"schema":{"@context":"https:\/\/schema.org","@graph":[{"@type":"WebPage","@id":"https:\/\/huvo.hr\/index.php\/uclani-se\/","url":"https:\/\/huvo.hr\/index.php\/uclani-se\/","name":"U\u010dlani se - HUVO","isPartOf":{"@id":"https:\/\/huvo.hr\/#website"},"primaryImageOfPage":{"@id":"https:\/\/huvo.hr\/index.php\/uclani-se\/#primaryimage"},"image":{"@id":"https:\/\/huvo.hr\/index.php\/uclani-se\/#primaryimage"},"thumbnailUrl":"https:\/\/huvo.hr\/wp-content\/uploads\/2025\/03\/clan.png","datePublished":"2025-03-18T16:47:21+00:00","dateModified":"2026-03-08T11:03:18+00:00","breadcrumb":{"@id":"https:\/\/huvo.hr\/index.php\/uclani-se\/#breadcrumb"},"inLanguage":"hr","potentialAction":[{"@type":"ReadAction","target":["https:\/\/huvo.hr\/index.php\/uclani-se\/"]}]},{"@type":"ImageObject","inLanguage":"hr","@id":"https:\/\/huvo.hr\/index.php\/uclani-se\/#primaryimage","url":"https:\/\/huvo.hr\/wp-content\/uploads\/2025\/03\/clan.png","contentUrl":"https:\/\/huvo.hr\/wp-content\/uploads\/2025\/03\/clan.png","width":1500,"height":520},{"@type":"BreadcrumbList","@id":"https:\/\/huvo.hr\/index.php\/uclani-se\/#breadcrumb","itemListElement":[{"@type":"ListItem","position":1,"name":"Po\u010detna stranica","item":"https:\/\/huvo.hr\/"},{"@type":"ListItem","position":2,"name":"U\u010dlani se"}]},{"@type":"WebSite","@id":"https:\/\/huvo.hr\/#website","url":"https:\/\/huvo.hr\/","name":"HUVO","description":"Glas vlasnika oru\u017eja u Hrvatskoj","publisher":{"@id":"https:\/\/huvo.hr\/#organization"},"potentialAction":[{"@type":"SearchAction","target":{"@type":"EntryPoint","urlTemplate":"https:\/\/huvo.hr\/?s={search_term_string}"},"query-input":{"@type":"PropertyValueSpecification","valueRequired":true,"valueName":"search_term_string"}}],"inLanguage":"hr"},{"@type":"Organization","@id":"https:\/\/huvo.hr\/#organization","name":"Hrvatska udruga vlasnika oru\u017eja","url":"https:\/\/huvo.hr\/","logo":{"@type":"ImageObject","inLanguage":"hr","@id":"https:\/\/huvo.hr\/#\/schema\/logo\/image\/","url":"https:\/\/huvo.hr\/wp-content\/uploads\/2025\/03\/logoHQ.png","contentUrl":"https:\/\/huvo.hr\/wp-content\/uploads\/2025\/03\/logoHQ.png","width":451,"height":119,"caption":"Hrvatska udruga vlasnika oru\u017eja"},"image":{"@id":"https:\/\/huvo.hr\/#\/schema\/logo\/image\/"},"sameAs":["https:\/\/www.facebook.com\/profile.php?id=61573187773280","https:\/\/www.youtube.com\/@HUVO.HRVATSKA"]}]}},"_links":{"self":[{"href":"https:\/\/huvo.hr\/index.php\/wp-json\/wp\/v2\/pages\/18","targetHints":{"allow":["GET"]}}],"collection":[{"href":"https:\/\/huvo.hr\/index.php\/wp-json\/wp\/v2\/pages"}],"about":[{"href":"https:\/\/huvo.hr\/index.php\/wp-json\/wp\/v2\/types\/page"}],"author":[{"embeddable":true,"href":"https:\/\/huvo.hr\/index.php\/wp-json\/wp\/v2\/users\/1"}],"replies":[{"embeddable":true,"href":"https:\/\/huvo.hr\/index.php\/wp-json\/wp\/v2\/comments?post=18"}],"version-history":[{"count":33,"href":"https:\/\/huvo.hr\/index.php\/wp-json\/wp\/v2\/pages\/18\/revisions"}],"predecessor-version":[{"id":1831,"href":"https:\/\/huvo.hr\/index.php\/wp-json\/wp\/v2\/pages\/18\/revisions\/1831"}],"wp:featuredmedia":[{"embeddable":true,"href":"https:\/\/huvo.hr\/index.php\/wp-json\/wp\/v2\/media\/51"}],"wp:attachment":[{"href":"https:\/\/huvo.hr\/index.php\/wp-json\/wp\/v2\/media?parent=18"}],"curies":[{"name":"wp","href":"https:\/\/api.w.org\/{rel}","templated":true}]}}