{"id":253,"date":"2025-03-22T13:06:31","date_gmt":"2025-03-22T12:06:31","guid":{"rendered":"https:\/\/huvo.hr\/?page_id=253"},"modified":"2025-03-22T13:06:32","modified_gmt":"2025-03-22T12:06:32","slug":"politika-kolacica","status":"publish","type":"page","link":"https:\/\/huvo.hr\/index.php\/politika-kolacica\/","title":{"rendered":"Politika kola\u010di\u0107a"},"content":{"rendered":"\n<p><strong>KOLA\u010cI\u0106I<\/strong><\/p>\n\n\n\n<p><strong>PRIVATNOST KORISNIKA<\/strong><\/p>\n\n\n\n<p>Prema zakonu Europske unije, obavje\u0161tavamo korisnike da web stranica koristi kola\u010di\u0107e (Cookies) kako bi mogla osigurati najvi\u0161u kvalitetu usluge.<\/p>\n\n\n\n<p>Kola\u010di\u0107i u pregledniku korisnika omogu\u0107uju nam da osiguramo rad svih funkcija internetskog portala, da odre\u0111ene sadr\u017eaje prilagodi posebno za pojedinog korisnika i analizom posjeta stalno pobolj\u0161ava internetski portal.<\/p>\n\n\n\n<p>Kako se kola\u010di\u0107i (Cookies) pohranjuju korisnik mo\u017ee podesiti u postavkama preglednika. U svrhu pobolj\u0161avanja iskustva pregledavanja web portala, moramo na ra\u010dunalo korisnika spremiti malenu koli\u010dinu informacija (kola\u010di\u0107a \u2013 engl. naziv cookies). Preko 90% svih web stranica koristi ovu praksu, no prema regulacijama Europske unije od 25.03.2011. Obvezni smo prije spremanja kola\u010di\u0107a zatra\u017eiti pristanak korisnika. Kori\u0161tenjem web stranice korisnik pristaje na uporabu kola\u010di\u0107a. Blokiranjem kola\u010di\u0107a korisnik i dalje mo\u017ee pregledavati web stranicu, no neke njezine mogu\u0107nosti mu mogu biti nedostupne.<\/p>\n\n\n\n<p><strong>\u0160TO JE KOLA\u010cI\u0106?<\/strong><\/p>\n\n\n\n<p>Kola\u010di\u0107 je informacija spremljena na ra\u010dunalo korisnika od strane web stranice koju je posjetio. Kola\u010di\u0107i obi\u010dno spremaju postavke korisnika, postavke za web stranicu, kao \u0161to su preferirani jezik ili adresa. Kasnije, kada korisnik ponovno otvori istu web stranicu, internet preglednik \u0161alje natrag kola\u010di\u0107e koji pripadaju toj stranici. Navedeno nam omogu\u0107ava da prika\u017eemo informacije prilago\u0111ene potrebama svakog pojedinog korisnika.<\/p>\n\n\n\n<p>Kola\u010di\u0107i mogu spremati \u0161irok pojas informacija uklju\u010duju\u0107i osobne informacije (kao \u0161to je ime ili adresa e-po\u0161te korisnika). Ipak, ova informacija mo\u017ee biti spremljena jedino ako korisnik navedeno omogu\u0107i \u2013 web stranice ne mogu dobiti pristup informacijama za koje im korisnik nije dao dozvolu i ne mogu pristupiti drugim datotekama na ra\u010dunalu korisnika. Zadane aktivnosti spremanja i slanja kola\u010di\u0107a korisnicima nisu vidljive. Ipak, korisnik mo\u017ee promijeniti svoje postavke internet preglednika na na\u010din da isti mo\u017ee sam birati \u017eeli li zahtjeve za spremanje kola\u010di\u0107a odobriti ili odbiti na na\u010din da obri\u0161e spremljene kola\u010di\u0107e automatski pri zatvaranju internet preglednika i sli\u010dno.<\/p>\n\n\n\n<p><strong>VRSTE KOLA\u010cI\u0106A<\/strong><\/p>\n\n\n\n<p><strong>STALNI KOLA\u010cI\u0106I<br><\/strong>Stalni ili spremljeni kola\u010di\u0107i ostaju na ra\u010dunalu nakon zatvaranja programa internet preglednika. Pomo\u0107u njih Internet mjesta pohranjuju podatke, kao \u0161to su ime za prijavu i lozinka, postavke jezika ili postavke o kola\u010di\u0107ima tako da ih ne morate ponovno unositi prilikom svakog idu\u0107eg posjeta. Stalni kola\u010di\u0107i mogu ostati na ra\u010dunalu ili mobilnom ure\u0111aju danima, mjesecima, \u010dak i godinama.<\/p>\n\n\n\n<p><strong>PRIVREMENI KOLA\u010cI\u0106I<br><\/strong>Privremeni kola\u010di\u0107i ili kola\u010di\u0107i sesije uklanjaju se s ra\u010dunala po zatvaranju internet preglednika. Pomo\u0107u njih Internet mjesta pohranjuju privremene podatke, poput npr. posljednjih nekoliko stranica koje ste otvorili na Internet mjestu koje posje\u0107ujete ili stavki u ko\u0161arici za kupnju ukoliko ste na Internet mjestu koje je specijalizirano za Internet prodaju.<\/p>\n\n\n\n<p><strong>KOLA\u010cI\u0106I PREMA IZVORU<br>KOLA\u010cI\u0106I PRVE STRANE (FIRST PARTY COOKIE)<\/strong><\/p>\n\n\n\n<p>Kola\u010di\u0107i prve strane dolaze s Internet mjesta koje gledate, a mogu biti stalni ili privremeni. Pomo\u0107u tih kola\u010di\u0107a Internet mjesta mogu pohraniti podatke koje \u0107e ponovo koristiti prilikom sljede\u0107eg posjeta tom Internet mjestu.<\/p>\n\n\n\n<p><strong>KOLA\u010cI\u0106I TRE\u0106E STRANE (THIRD PARTY COOKIE)<\/strong><\/p>\n\n\n\n<p>Kola\u010di\u0107i tre\u0107e strane dolaze s drugih Internet mjesta, a koje se nalaze na Internet mjestu koje gledate. Pomo\u0107u tih kola\u010di\u0107a druga Internet mjesta mogu pratiti kori\u0161tenje Interneta na Internet mjestu kog gledate u marketin\u0161ke svrhe.<\/p>\n\n\n\n<p><strong>KOLA\u010cI\u0106I PREMA FUNKCIJI<\/strong><\/p>\n\n\n\n<p><strong>Tehni\u010dki kola\u010di\u0107i<\/strong>&nbsp;\u2013 obavezni kola\u010di\u0107i(uvijek aktivni) \u2013 nu\u017eni za funkcioniranje Internet mjesta i ne mogu se isklju\u010diti u na\u0161im sustavima. Uobi\u010dajeno se postavljaju kao odgovor na va\u0161e radnje koje uklju\u010duju zahtjev za uslugama, kao \u0161to su postavke kola\u010di\u0107a, prijava ili ispunjavanje obrazaca. Svoj preglednik mo\u017eete postaviti da blokira te kola\u010di\u0107e ili po\u0161alje upozorenje o njima, ali u tom slu\u010daju neki dijelovi stranice ne\u0107e raditi. Ti kola\u010di\u0107i ne pohranjuju nikakve informacije koje bi vas mogle identificirati.<\/p>\n\n\n\n<p><strong>Funkcionalni kola\u010di\u0107i<\/strong>(mogu se isklju\u010diti) \u2013 omogu\u0107uju Internet mjestu pru\u017eanje pobolj\u0161ane funkcionalnosti i personalizaciju. Mo\u017eemo ih postaviti mi ili pru\u017eatelji usluga tre\u0107ih strana \u010dije su usluge dodane na na\u0161e stranice. Ako ne omogu\u0107ite te kola\u010di\u0107e, neke od tih funkcija mo\u017eda ne\u0107e pravilno funkcionirati.<\/p>\n\n\n\n<p><strong>Marketin\u0161ki kola\u010di\u0107i<\/strong>(mogu se isklju\u010diti) \u2013 omogu\u0107uju bilje\u017eenje posjeta i izvora prometa kako bismo mogli mjeriti i pobolj\u0161ati u\u010dinkovitost na\u0161eg Internet mjesta. Poma\u017eu nam saznati koje su stranice najvi\u0161e i najmanje popularne i vidjeti kako se posjetitelji kre\u0107u stranicom. Sve informacije koje ti kola\u010di\u0107i prikupljaju akumuliraju se i stoga ostaju anonimni. Ako ne omogu\u0107ite te kola\u010di\u0107e, ne\u0107emo znati kada ste posjetili na\u0161u stranicu i ne\u0107emo mo\u0107i pratiti njezinu u\u010dinkovitost. Ne pohranjuju izravno osobne postavke, ali temelje se na jedinstvenoj identifikaciji va\u0161eg preglednika i internetskog ure\u0111aja. Ako ne omogu\u0107ite te kola\u010di\u0107e, susrest \u0107ete se s manje ciljanim ogla\u0161avanjem.<\/p>\n\n\n\n<p>Ovo Internet mjesto koristi Google Analytics, uslugu web analize koju pru\u017ea Google Inc. (\u201cGoogle\u201d). Koristimo na\u010din intergracije koji anonimizira va\u0161u IP adresu. Google Analytics koristi kola\u010di\u0107e za analizu va\u0161eg kori\u0161tenja web stranice. Informacije koje generira kola\u010di\u0107 o va\u0161oj upotrebi ovog Internet mjesta (uklju\u010duju\u0107i va\u0161u IP adresu) prenose se i pohranjuju na Google poslu\u017eitelju u Sjedinjenim Ameri\u010dkim Dr\u017eavama. Google koristi ove informacije kako bi procijenio va\u0161u upotrebu web stranice, pru\u017eaju\u0107i izvje\u0161\u0107a o aktivnostima na Internet mjestu za upravitelje Internet mjesta. Google mo\u017ee prenijeti te podatke tre\u0107im stranama, ako to zahtijeva zakon ili ako tre\u0107e strane obrade podatke u ime Googlea. Google ne\u0107e povezati va\u0161u IP adresu s drugim podacima koje Google posjeduje. Pogledajte Google Pravila o privatnosti na sljede\u0107em linku:<a href=\"https:\/\/policies.google.com\/privacy\">https:\/\/policies.google.com\/privacy<\/a>. Google je razvio dodatak za preglednik kojim mo\u017eete sprije\u010diti kori\u0161tenje va\u0161ih podataka za Google Analytics JavaScript (ga.js, analytics.js, dc.js). Mo\u017eete ga preuzeti ovdje:&nbsp;<a href=\"https:\/\/tools.google.com\/dlpage\/gaoptout\">https:\/\/tools.google.com\/dlpage\/gaoptout<\/a><\/p>\n\n\n\n<p><strong>KAKO PRIHVATITI ILI ODBITI KOLA\u010cI\u0106E<\/strong><br>Okvir za postavke kola\u010di\u0107a nalazi se u podno\u017eju ovog Internet mjesta. Nakon odabira postavki, u svakom trenutku mo\u017eete postaviti na po\u010detne postavke kola\u010di\u0107a tako\u0111er u podno\u017eju ovog Internet mjesta.<\/p>\n\n\n\n<p>Odabirom opcije Prihva\u0107am sve kola\u010di\u0107e dopu\u0161tate pohranjivanje svih gore navedenih kola\u010di\u0107a na va\u0161e ra\u010dunalo ili mobilni ure\u0111aj.<\/p>\n\n\n\n<p>Odabirom opcije Prihva\u0107am samo neophodne kola\u010di\u0107e na va\u0161e ra\u010dunalo ili mobilni ure\u0111aj pohranjuju se samo vrijednosti za tehni\u010dke-obavezne kola\u010di\u0107e.<\/p>\n\n\n\n<p>Ako onemogu\u0107ite kola\u010di\u0107e, mo\u017eda ne\u0107ete mo\u0107i koristiti neke od funkcionalnosti ovog Internet mjesta.<\/p>\n\n\n\n<p>Dodatno mo\u017eete prihvatiti ili odbiti neke ili sve kola\u010di\u0107e prilago\u0111avanjem postavki Va\u0161eg preglednika. Na sljede\u0107im poveznicama mo\u017eete prona\u0107i informacije o tome kako promijeniti postavke za neke od naj\u010de\u0161\u0107e kori\u0161tenih Internet preglednika: Mozilla Firefox, Google Chrome, Microsoft Internet Explorer, Apple Safari, Opera.&nbsp; Neki preglednici Vam omogu\u0107uju kretanje kroz Internet mjesto u \u201canonimnom\u201d na\u010dinu rada, ograni\u010davaju\u0107i koli\u010dinu podataka postavljenih na va\u0161em ra\u010dunalu i automatsko brisanje trajnih kola\u010di\u0107a postavljenih na va\u0161e ra\u010dunalo ili mobilni ure\u0111aj kada zavr\u0161ite sesiju pregledavanja. Postoje i mnoge aplikacije tre\u0107ih strana koje mo\u017eete dodati u preglednik da biste blokirali ili upravljali kola\u010di\u0107ima. Mo\u017eete i izbrisati kola\u010di\u0107e koji su prethodno bili postavljeni u va\u0161 preglednik tako da odaberete opciju za brisanje povijesti pregledavanja i pritom uklju\u010dite i opciju brisanja kola\u010di\u0107a. Detaljnije informacije o kola\u010di\u0107ima i pode\u0161avanje postavki preglednika mo\u017eete prona\u0107i na stranici<a href=\"http:\/\/www.allaboutcookies.org.\/\">&nbsp;https:\/\/www.allaboutcookies.org\/.<\/a><\/p>\n","protected":false},"excerpt":{"rendered":"<p>KOLA\u010cI\u0106I PRIVATNOST KORISNIKA Prema zakonu Europske unije, obavje\u0161tavamo korisnike da web stranica koristi kola\u010di\u0107e (Cookies) kako bi mogla osigurati najvi\u0161u kvalitetu usluge. Kola\u010di\u0107i u pregledniku korisnika omogu\u0107uju nam da osiguramo rad svih funkcija internetskog portala, da odre\u0111ene sadr\u017eaje prilagodi posebno za pojedinog korisnika i analizom posjeta stalno pobolj\u0161ava internetski portal.<span class=\"more-link\"><a href=\"https:\/\/huvo.hr\/index.php\/politika-kolacica\/\">Nastavite \u010ditati<\/a><\/span><\/p>\n","protected":false},"author":1,"featured_media":0,"parent":0,"menu_order":0,"comment_status":"closed","ping_status":"closed","template":"","meta":{"footnotes":""},"class_list":["entry","author-huvo-admin","post-253","page","type-page","status-publish"],"yoast_head":"<!-- This site is optimized with the Yoast SEO plugin v26.3 - https:\/\/yoast.com\/wordpress\/plugins\/seo\/ -->\n<title>Politika kola\u010di\u0107a - HUVO<\/title>\n<meta name=\"robots\" content=\"index, follow, max-snippet:-1, max-image-preview:large, max-video-preview:-1\" \/>\n<link rel=\"canonical\" href=\"https:\/\/huvo.hr\/index.php\/politika-kolacica\/\" \/>\n<meta property=\"og:locale\" content=\"hr_HR\" \/>\n<meta property=\"og:type\" content=\"article\" \/>\n<meta property=\"og:title\" content=\"Politika kola\u010di\u0107a - HUVO\" \/>\n<meta property=\"og:description\" content=\"KOLA\u010cI\u0106I PRIVATNOST KORISNIKA Prema zakonu Europske unije, obavje\u0161tavamo korisnike da web stranica koristi kola\u010di\u0107e (Cookies) kako bi mogla osigurati najvi\u0161u kvalitetu usluge. Kola\u010di\u0107i u pregledniku korisnika omogu\u0107uju nam da osiguramo rad svih funkcija internetskog portala, da odre\u0111ene sadr\u017eaje prilagodi posebno za pojedinog korisnika i analizom posjeta stalno pobolj\u0161ava internetski portal.Nastavite \u010ditati\" \/>\n<meta property=\"og:url\" content=\"https:\/\/huvo.hr\/index.php\/politika-kolacica\/\" \/>\n<meta property=\"og:site_name\" content=\"HUVO\" \/>\n<meta property=\"article:publisher\" content=\"https:\/\/www.facebook.com\/profile.php?id=61573187773280\" \/>\n<meta property=\"article:modified_time\" content=\"2025-03-22T12:06:32+00:00\" \/>\n<meta name=\"twitter:card\" content=\"summary_large_image\" \/>\n<meta name=\"twitter:label1\" content=\"Procijenjeno vrijeme \u010ditanja\" \/>\n\t<meta name=\"twitter:data1\" content=\"7 minuta\" \/>\n<script type=\"application\/ld+json\" class=\"yoast-schema-graph\">{\"@context\":\"https:\/\/schema.org\",\"@graph\":[{\"@type\":\"WebPage\",\"@id\":\"https:\/\/huvo.hr\/index.php\/politika-kolacica\/\",\"url\":\"https:\/\/huvo.hr\/index.php\/politika-kolacica\/\",\"name\":\"Politika kola\u010di\u0107a - HUVO\",\"isPartOf\":{\"@id\":\"https:\/\/huvo.hr\/#website\"},\"datePublished\":\"2025-03-22T12:06:31+00:00\",\"dateModified\":\"2025-03-22T12:06:32+00:00\",\"breadcrumb\":{\"@id\":\"https:\/\/huvo.hr\/index.php\/politika-kolacica\/#breadcrumb\"},\"inLanguage\":\"hr\",\"potentialAction\":[{\"@type\":\"ReadAction\",\"target\":[\"https:\/\/huvo.hr\/index.php\/politika-kolacica\/\"]}]},{\"@type\":\"BreadcrumbList\",\"@id\":\"https:\/\/huvo.hr\/index.php\/politika-kolacica\/#breadcrumb\",\"itemListElement\":[{\"@type\":\"ListItem\",\"position\":1,\"name\":\"Po\u010detna stranica\",\"item\":\"https:\/\/huvo.hr\/\"},{\"@type\":\"ListItem\",\"position\":2,\"name\":\"Politika kola\u010di\u0107a\"}]},{\"@type\":\"WebSite\",\"@id\":\"https:\/\/huvo.hr\/#website\",\"url\":\"https:\/\/huvo.hr\/\",\"name\":\"HUVO\",\"description\":\"Glas vlasnika oru\u017eja u Hrvatskoj\",\"publisher\":{\"@id\":\"https:\/\/huvo.hr\/#organization\"},\"potentialAction\":[{\"@type\":\"SearchAction\",\"target\":{\"@type\":\"EntryPoint\",\"urlTemplate\":\"https:\/\/huvo.hr\/?s={search_term_string}\"},\"query-input\":{\"@type\":\"PropertyValueSpecification\",\"valueRequired\":true,\"valueName\":\"search_term_string\"}}],\"inLanguage\":\"hr\"},{\"@type\":\"Organization\",\"@id\":\"https:\/\/huvo.hr\/#organization\",\"name\":\"Hrvatska udruga vlasnika oru\u017eja\",\"url\":\"https:\/\/huvo.hr\/\",\"logo\":{\"@type\":\"ImageObject\",\"inLanguage\":\"hr\",\"@id\":\"https:\/\/huvo.hr\/#\/schema\/logo\/image\/\",\"url\":\"https:\/\/huvo.hr\/wp-content\/uploads\/2025\/03\/logoHQ.png\",\"contentUrl\":\"https:\/\/huvo.hr\/wp-content\/uploads\/2025\/03\/logoHQ.png\",\"width\":451,\"height\":119,\"caption\":\"Hrvatska udruga vlasnika oru\u017eja\"},\"image\":{\"@id\":\"https:\/\/huvo.hr\/#\/schema\/logo\/image\/\"},\"sameAs\":[\"https:\/\/www.facebook.com\/profile.php?id=61573187773280\",\"https:\/\/www.youtube.com\/@HUVO.HRVATSKA\"]}]}<\/script>\n<!-- \/ Yoast SEO plugin. -->","yoast_head_json":{"title":"Politika kola\u010di\u0107a - HUVO","robots":{"index":"index","follow":"follow","max-snippet":"max-snippet:-1","max-image-preview":"max-image-preview:large","max-video-preview":"max-video-preview:-1"},"canonical":"https:\/\/huvo.hr\/index.php\/politika-kolacica\/","og_locale":"hr_HR","og_type":"article","og_title":"Politika kola\u010di\u0107a - HUVO","og_description":"KOLA\u010cI\u0106I PRIVATNOST KORISNIKA Prema zakonu Europske unije, obavje\u0161tavamo korisnike da web stranica koristi kola\u010di\u0107e (Cookies) kako bi mogla osigurati najvi\u0161u kvalitetu usluge. Kola\u010di\u0107i u pregledniku korisnika omogu\u0107uju nam da osiguramo rad svih funkcija internetskog portala, da odre\u0111ene sadr\u017eaje prilagodi posebno za pojedinog korisnika i analizom posjeta stalno pobolj\u0161ava internetski portal.Nastavite \u010ditati","og_url":"https:\/\/huvo.hr\/index.php\/politika-kolacica\/","og_site_name":"HUVO","article_publisher":"https:\/\/www.facebook.com\/profile.php?id=61573187773280","article_modified_time":"2025-03-22T12:06:32+00:00","twitter_card":"summary_large_image","twitter_misc":{"Procijenjeno vrijeme \u010ditanja":"7 minuta"},"schema":{"@context":"https:\/\/schema.org","@graph":[{"@type":"WebPage","@id":"https:\/\/huvo.hr\/index.php\/politika-kolacica\/","url":"https:\/\/huvo.hr\/index.php\/politika-kolacica\/","name":"Politika kola\u010di\u0107a - HUVO","isPartOf":{"@id":"https:\/\/huvo.hr\/#website"},"datePublished":"2025-03-22T12:06:31+00:00","dateModified":"2025-03-22T12:06:32+00:00","breadcrumb":{"@id":"https:\/\/huvo.hr\/index.php\/politika-kolacica\/#breadcrumb"},"inLanguage":"hr","potentialAction":[{"@type":"ReadAction","target":["https:\/\/huvo.hr\/index.php\/politika-kolacica\/"]}]},{"@type":"BreadcrumbList","@id":"https:\/\/huvo.hr\/index.php\/politika-kolacica\/#breadcrumb","itemListElement":[{"@type":"ListItem","position":1,"name":"Po\u010detna stranica","item":"https:\/\/huvo.hr\/"},{"@type":"ListItem","position":2,"name":"Politika kola\u010di\u0107a"}]},{"@type":"WebSite","@id":"https:\/\/huvo.hr\/#website","url":"https:\/\/huvo.hr\/","name":"HUVO","description":"Glas vlasnika oru\u017eja u Hrvatskoj","publisher":{"@id":"https:\/\/huvo.hr\/#organization"},"potentialAction":[{"@type":"SearchAction","target":{"@type":"EntryPoint","urlTemplate":"https:\/\/huvo.hr\/?s={search_term_string}"},"query-input":{"@type":"PropertyValueSpecification","valueRequired":true,"valueName":"search_term_string"}}],"inLanguage":"hr"},{"@type":"Organization","@id":"https:\/\/huvo.hr\/#organization","name":"Hrvatska udruga vlasnika oru\u017eja","url":"https:\/\/huvo.hr\/","logo":{"@type":"ImageObject","inLanguage":"hr","@id":"https:\/\/huvo.hr\/#\/schema\/logo\/image\/","url":"https:\/\/huvo.hr\/wp-content\/uploads\/2025\/03\/logoHQ.png","contentUrl":"https:\/\/huvo.hr\/wp-content\/uploads\/2025\/03\/logoHQ.png","width":451,"height":119,"caption":"Hrvatska udruga vlasnika oru\u017eja"},"image":{"@id":"https:\/\/huvo.hr\/#\/schema\/logo\/image\/"},"sameAs":["https:\/\/www.facebook.com\/profile.php?id=61573187773280","https:\/\/www.youtube.com\/@HUVO.HRVATSKA"]}]}},"_links":{"self":[{"href":"https:\/\/huvo.hr\/index.php\/wp-json\/wp\/v2\/pages\/253","targetHints":{"allow":["GET"]}}],"collection":[{"href":"https:\/\/huvo.hr\/index.php\/wp-json\/wp\/v2\/pages"}],"about":[{"href":"https:\/\/huvo.hr\/index.php\/wp-json\/wp\/v2\/types\/page"}],"author":[{"embeddable":true,"href":"https:\/\/huvo.hr\/index.php\/wp-json\/wp\/v2\/users\/1"}],"replies":[{"embeddable":true,"href":"https:\/\/huvo.hr\/index.php\/wp-json\/wp\/v2\/comments?post=253"}],"version-history":[{"count":1,"href":"https:\/\/huvo.hr\/index.php\/wp-json\/wp\/v2\/pages\/253\/revisions"}],"predecessor-version":[{"id":254,"href":"https:\/\/huvo.hr\/index.php\/wp-json\/wp\/v2\/pages\/253\/revisions\/254"}],"wp:attachment":[{"href":"https:\/\/huvo.hr\/index.php\/wp-json\/wp\/v2\/media?parent=253"}],"curies":[{"name":"wp","href":"https:\/\/api.w.org\/{rel}","templated":true}]}}