{"id":256,"date":"2025-03-22T13:12:14","date_gmt":"2025-03-22T12:12:14","guid":{"rendered":"https:\/\/huvo.hr\/?page_id=256"},"modified":"2025-03-22T13:12:14","modified_gmt":"2025-03-22T12:12:14","slug":"pravila-privatnosti-2","status":"publish","type":"page","link":"https:\/\/huvo.hr\/index.php\/pravila-privatnosti-2\/","title":{"rendered":"Pravila privatnosti"},"content":{"rendered":"\n<p>Za\u0161tita privatnosti obja\u0161njava kako Hrvatska Udruga Vlasnika Oru\u017eja (u daljnjem tekstu HUVO) koristi i \u010duva bilo koju informaciju koju ste dali HUVO-u pri kori\u0161tenju na\u0161e web stranice <a href=\"http:\/\/www.huvo.hr\">www.huvo.hr<\/a>\u00a0.<\/p>\n\n\n\n<p>HUVO se obvezuje na \u010duvanje Va\u0161e privatnosti. Ukoliko HUVO tra\u017ei da nam dostavite odre\u0111ene informacije sa kojima mo\u017eete biti identificirani prilikom kori\u0161tenja ove web stranice, mo\u017eete biti sigurni da \u0107e te informacije biti kori\u0161tene samo u skladu sa ovom izjavom o za\u0161titi privatnosti.<\/p>\n\n\n\n<p>HUVO mo\u017ee promijeniti ovu politiku s vremena na vrijeme a\u017euriraju\u0107i ovu stranicu. Povremeno biste trebali provjeriti ovu stranicu i vidjeti da li politika za\u0161tite privatnosti odgovara Va\u0161im interesima. Ova politika za\u0161tite privatnosti stupa na snagu 22\/03\/25.<\/p>\n\n\n\n<p><strong>\u0160to HUVO prikuplja<\/strong><\/p>\n\n\n\n<p>HUVO prikuplja samo one osobe podatke koje dostavite HUVO, ovi podaci mogu uklju\u010divati:<\/p>\n\n\n\n<ul class=\"wp-block-list\">\n<li>Va\u0161e ime i prezime<\/li>\n\n\n\n<li>Kontakt informacije uklju\u010duju\u0107i email adresu, broj telefona i adresa, adresa dostave naru\u010dene robe<\/li>\n\n\n\n<li>Demografske podatke kao \u0161to su po\u0161tanski broj, va\u0161 datum ro\u0111enja (verifikacija punoljetnosti i \u010destitanje ro\u0111endana)<\/li>\n<\/ul>\n\n\n\n<p><strong>\u0160to HUVO radi sa prikupljenim informacijama<\/strong><\/p>\n\n\n\n<p>HUVO su potrebne ove informacije da bi mogli pru\u017eiti uslugu prodaje, dostave naru\u010dene robe i izdavanja ra\u010duna, posebno iz sljede\u0107ih razloga:<\/p>\n\n\n\n<ul class=\"wp-block-list\">\n<li>Internog \u010duvanja podataka, evidencija prodaje i narud\u017ebi<\/li>\n\n\n\n<li>HUVO mo\u017ee povremeno slati email poruke vezane uz nove proizvode, specijalne ponude ili druge informacije za koje mislimo da \u0107e Vam biti interesantne koriste\u0107i email adresu koju ste nam dostavili<\/li>\n\n\n\n<li>S vremena na vrijeme, HUVO mo\u017ee koristiti Va\u0161e informacije za kontaktiranje u marketin\u0161ke svrhe. HUVO Vas mo\u017ee kontaktirati telefonom, faxom ili putem e-maila<\/li>\n<\/ul>\n\n\n\n<p><strong>Sigurnost<\/strong><\/p>\n\n\n\n<p>HUVO se obvezuje \u010duvati sigurnost svih Va\u0161ih informacija. Da bi sprije\u010dili neautoriziran pristup ili otkrivanje informacija, uspostavili smo odgovaraju\u0107e fizi\u010dke, elektronske, upravlja\u010dke procedure da bi sa\u010duvali i osigurali informacije koje prikupljamo online.<\/p>\n\n\n\n<p><strong>Kako HUVO koristi \u201ekola\u010di\u0107e\u201c(cookies)<\/strong><\/p>\n\n\n\n<p>Kola\u010di\u0107 je mali file koji tra\u017ei dopu\u0161tenje za spremanje na hard disk Va\u0161eg kompjutera. Kada date dopu\u0161tenje, file se spremi i kola\u010di\u0107 poma\u017ee analizirati internet promet ili Vas obavje\u0161tava kada posjetite odre\u0111enu stranicu. Kola\u010di\u0107i omogu\u0107uju web aplikacijmaa da reagiraju prema Vama kao pojedincu. Web aplikacija mo\u017ee prilagoditi svoje operacije Va\u0161im potrebama na temelju skupljanja i memoriranja informacija o Va\u0161im preferencijama.<\/p>\n\n\n\n<p>Pojednostavljeno, kola\u010di\u0107i poma\u017eu HUVO u kreiranju bolje web stranice, na na\u010din da prate koji dijelovi na\u0161e stranice su popularni a koji ne. Kola\u010di\u0107 ni na koji na\u010din ne daje HUVO pristup Va\u0161em ra\u010dunalu ili informacijama o Vama, osim podataka koje odlu\u010dite podjeliti sa HUVO.<\/p>\n\n\n\n<p>Mo\u017eete izabrati prihva\u0107anje ili neprihva\u0107anje kola\u010di\u0107a. Ve\u0107ina web preglednika automatski prihva\u0107a kola\u010di\u0107e, ali vi ih mo\u017eete podesiti da neprihva\u0107aju kola\u010di\u0107e. To Vas mo\u017ee sprije\u010diti u potpunom iskori\u0161tavanju mogu\u0107nosti na\u0161e web stranice.<\/p>\n\n\n\n<p><strong>Linkovi za druge stranice<\/strong><\/p>\n\n\n\n<p>Stranice HUVO mogu sadr\u017eavati linkove na druge stranice na internetu. Trebate znati da nakon \u0161to napustite na\u0161u stranicu, HUVO nema nikakvu kontrolu nad tim drugim web stranicama. Zbog toga, HUVO ne mo\u017ee biti odgovoran za za\u0161titu i privatnost bilo kojih informacija koje ste dali na tim stranicama. Te stranice nisu obuhva\u0107ene ovim pravilima za\u0161tite privatnosti. Trebate biti oprezni te pogledati pravila za\u0161tite privatnosti na svakoj pojedinoj stranici.<\/p>\n\n\n\n<p><strong>Kontrola Va\u0161ih osobnih informacija<\/strong><\/p>\n\n\n\n<p>HUVO ne\u0107e prodati, proslijediti ili iznajmiti Va\u0161e osobne podatke tre\u0107oj strani osim ako ste dali dopu\u0161tenje ili ako smo po zakonu obvezni dati Va\u0161e podatke.<\/p>\n\n\n\n<p>Ako smatrate da je bilo koja informacija koju HUVO ima o Vama neto\u010dna ili nepotpuna, molimo po\u0161aljite email HUVO-u u \u0161to kra\u0107em roku, na web@huvo.hr\u00a0. HUVO \u0107e ispraviti sve neto\u010dne informacije.<\/p>\n\n\n\n<p><\/p>\n","protected":false},"excerpt":{"rendered":"<p>Za\u0161tita privatnosti obja\u0161njava kako Hrvatska Udruga Vlasnika Oru\u017eja (u daljnjem tekstu HUVO) koristi i \u010duva bilo koju informaciju koju ste dali HUVO-u pri kori\u0161tenju na\u0161e web stranice www.huvo.hr\u00a0. HUVO se obvezuje na \u010duvanje Va\u0161e privatnosti. Ukoliko HUVO tra\u017ei da nam dostavite odre\u0111ene informacije sa kojima mo\u017eete biti identificirani prilikom kori\u0161tenja<span class=\"more-link\"><a href=\"https:\/\/huvo.hr\/index.php\/pravila-privatnosti-2\/\">Nastavite \u010ditati<\/a><\/span><\/p>\n","protected":false},"author":1,"featured_media":0,"parent":0,"menu_order":0,"comment_status":"closed","ping_status":"closed","template":"","meta":{"footnotes":""},"class_list":["entry","author-huvo-admin","post-256","page","type-page","status-publish"],"yoast_head":"<!-- This site is optimized with the Yoast SEO plugin v26.3 - https:\/\/yoast.com\/wordpress\/plugins\/seo\/ -->\n<title>Pravila privatnosti - HUVO<\/title>\n<meta name=\"robots\" content=\"index, follow, max-snippet:-1, max-image-preview:large, max-video-preview:-1\" \/>\n<link rel=\"canonical\" href=\"https:\/\/huvo.hr\/index.php\/pravila-privatnosti-2\/\" \/>\n<meta property=\"og:locale\" content=\"hr_HR\" \/>\n<meta property=\"og:type\" content=\"article\" \/>\n<meta property=\"og:title\" content=\"Pravila privatnosti - HUVO\" \/>\n<meta property=\"og:description\" content=\"Za\u0161tita privatnosti obja\u0161njava kako Hrvatska Udruga Vlasnika Oru\u017eja (u daljnjem tekstu HUVO) koristi i \u010duva bilo koju informaciju koju ste dali HUVO-u pri kori\u0161tenju na\u0161e web stranice www.huvo.hr\u00a0. HUVO se obvezuje na \u010duvanje Va\u0161e privatnosti. Ukoliko HUVO tra\u017ei da nam dostavite odre\u0111ene informacije sa kojima mo\u017eete biti identificirani prilikom kori\u0161tenjaNastavite \u010ditati\" \/>\n<meta property=\"og:url\" content=\"https:\/\/huvo.hr\/index.php\/pravila-privatnosti-2\/\" \/>\n<meta property=\"og:site_name\" content=\"HUVO\" \/>\n<meta property=\"article:publisher\" content=\"https:\/\/www.facebook.com\/profile.php?id=61573187773280\" \/>\n<meta name=\"twitter:card\" content=\"summary_large_image\" \/>\n<meta name=\"twitter:label1\" content=\"Procijenjeno vrijeme \u010ditanja\" \/>\n\t<meta name=\"twitter:data1\" content=\"3 minute\" \/>\n<script type=\"application\/ld+json\" class=\"yoast-schema-graph\">{\"@context\":\"https:\/\/schema.org\",\"@graph\":[{\"@type\":\"WebPage\",\"@id\":\"https:\/\/huvo.hr\/index.php\/pravila-privatnosti-2\/\",\"url\":\"https:\/\/huvo.hr\/index.php\/pravila-privatnosti-2\/\",\"name\":\"Pravila privatnosti - HUVO\",\"isPartOf\":{\"@id\":\"https:\/\/huvo.hr\/#website\"},\"datePublished\":\"2025-03-22T12:12:14+00:00\",\"breadcrumb\":{\"@id\":\"https:\/\/huvo.hr\/index.php\/pravila-privatnosti-2\/#breadcrumb\"},\"inLanguage\":\"hr\",\"potentialAction\":[{\"@type\":\"ReadAction\",\"target\":[\"https:\/\/huvo.hr\/index.php\/pravila-privatnosti-2\/\"]}]},{\"@type\":\"BreadcrumbList\",\"@id\":\"https:\/\/huvo.hr\/index.php\/pravila-privatnosti-2\/#breadcrumb\",\"itemListElement\":[{\"@type\":\"ListItem\",\"position\":1,\"name\":\"Po\u010detna stranica\",\"item\":\"https:\/\/huvo.hr\/\"},{\"@type\":\"ListItem\",\"position\":2,\"name\":\"Pravila privatnosti\"}]},{\"@type\":\"WebSite\",\"@id\":\"https:\/\/huvo.hr\/#website\",\"url\":\"https:\/\/huvo.hr\/\",\"name\":\"HUVO\",\"description\":\"Glas vlasnika oru\u017eja u Hrvatskoj\",\"publisher\":{\"@id\":\"https:\/\/huvo.hr\/#organization\"},\"potentialAction\":[{\"@type\":\"SearchAction\",\"target\":{\"@type\":\"EntryPoint\",\"urlTemplate\":\"https:\/\/huvo.hr\/?s={search_term_string}\"},\"query-input\":{\"@type\":\"PropertyValueSpecification\",\"valueRequired\":true,\"valueName\":\"search_term_string\"}}],\"inLanguage\":\"hr\"},{\"@type\":\"Organization\",\"@id\":\"https:\/\/huvo.hr\/#organization\",\"name\":\"Hrvatska udruga vlasnika oru\u017eja\",\"url\":\"https:\/\/huvo.hr\/\",\"logo\":{\"@type\":\"ImageObject\",\"inLanguage\":\"hr\",\"@id\":\"https:\/\/huvo.hr\/#\/schema\/logo\/image\/\",\"url\":\"https:\/\/huvo.hr\/wp-content\/uploads\/2025\/03\/logoHQ.png\",\"contentUrl\":\"https:\/\/huvo.hr\/wp-content\/uploads\/2025\/03\/logoHQ.png\",\"width\":451,\"height\":119,\"caption\":\"Hrvatska udruga vlasnika oru\u017eja\"},\"image\":{\"@id\":\"https:\/\/huvo.hr\/#\/schema\/logo\/image\/\"},\"sameAs\":[\"https:\/\/www.facebook.com\/profile.php?id=61573187773280\",\"https:\/\/www.youtube.com\/@HUVO.HRVATSKA\"]}]}<\/script>\n<!-- \/ Yoast SEO plugin. -->","yoast_head_json":{"title":"Pravila privatnosti - HUVO","robots":{"index":"index","follow":"follow","max-snippet":"max-snippet:-1","max-image-preview":"max-image-preview:large","max-video-preview":"max-video-preview:-1"},"canonical":"https:\/\/huvo.hr\/index.php\/pravila-privatnosti-2\/","og_locale":"hr_HR","og_type":"article","og_title":"Pravila privatnosti - HUVO","og_description":"Za\u0161tita privatnosti obja\u0161njava kako Hrvatska Udruga Vlasnika Oru\u017eja (u daljnjem tekstu HUVO) koristi i \u010duva bilo koju informaciju koju ste dali HUVO-u pri kori\u0161tenju na\u0161e web stranice www.huvo.hr\u00a0. HUVO se obvezuje na \u010duvanje Va\u0161e privatnosti. Ukoliko HUVO tra\u017ei da nam dostavite odre\u0111ene informacije sa kojima mo\u017eete biti identificirani prilikom kori\u0161tenjaNastavite \u010ditati","og_url":"https:\/\/huvo.hr\/index.php\/pravila-privatnosti-2\/","og_site_name":"HUVO","article_publisher":"https:\/\/www.facebook.com\/profile.php?id=61573187773280","twitter_card":"summary_large_image","twitter_misc":{"Procijenjeno vrijeme \u010ditanja":"3 minute"},"schema":{"@context":"https:\/\/schema.org","@graph":[{"@type":"WebPage","@id":"https:\/\/huvo.hr\/index.php\/pravila-privatnosti-2\/","url":"https:\/\/huvo.hr\/index.php\/pravila-privatnosti-2\/","name":"Pravila privatnosti - HUVO","isPartOf":{"@id":"https:\/\/huvo.hr\/#website"},"datePublished":"2025-03-22T12:12:14+00:00","breadcrumb":{"@id":"https:\/\/huvo.hr\/index.php\/pravila-privatnosti-2\/#breadcrumb"},"inLanguage":"hr","potentialAction":[{"@type":"ReadAction","target":["https:\/\/huvo.hr\/index.php\/pravila-privatnosti-2\/"]}]},{"@type":"BreadcrumbList","@id":"https:\/\/huvo.hr\/index.php\/pravila-privatnosti-2\/#breadcrumb","itemListElement":[{"@type":"ListItem","position":1,"name":"Po\u010detna stranica","item":"https:\/\/huvo.hr\/"},{"@type":"ListItem","position":2,"name":"Pravila privatnosti"}]},{"@type":"WebSite","@id":"https:\/\/huvo.hr\/#website","url":"https:\/\/huvo.hr\/","name":"HUVO","description":"Glas vlasnika oru\u017eja u Hrvatskoj","publisher":{"@id":"https:\/\/huvo.hr\/#organization"},"potentialAction":[{"@type":"SearchAction","target":{"@type":"EntryPoint","urlTemplate":"https:\/\/huvo.hr\/?s={search_term_string}"},"query-input":{"@type":"PropertyValueSpecification","valueRequired":true,"valueName":"search_term_string"}}],"inLanguage":"hr"},{"@type":"Organization","@id":"https:\/\/huvo.hr\/#organization","name":"Hrvatska udruga vlasnika oru\u017eja","url":"https:\/\/huvo.hr\/","logo":{"@type":"ImageObject","inLanguage":"hr","@id":"https:\/\/huvo.hr\/#\/schema\/logo\/image\/","url":"https:\/\/huvo.hr\/wp-content\/uploads\/2025\/03\/logoHQ.png","contentUrl":"https:\/\/huvo.hr\/wp-content\/uploads\/2025\/03\/logoHQ.png","width":451,"height":119,"caption":"Hrvatska udruga vlasnika oru\u017eja"},"image":{"@id":"https:\/\/huvo.hr\/#\/schema\/logo\/image\/"},"sameAs":["https:\/\/www.facebook.com\/profile.php?id=61573187773280","https:\/\/www.youtube.com\/@HUVO.HRVATSKA"]}]}},"_links":{"self":[{"href":"https:\/\/huvo.hr\/index.php\/wp-json\/wp\/v2\/pages\/256","targetHints":{"allow":["GET"]}}],"collection":[{"href":"https:\/\/huvo.hr\/index.php\/wp-json\/wp\/v2\/pages"}],"about":[{"href":"https:\/\/huvo.hr\/index.php\/wp-json\/wp\/v2\/types\/page"}],"author":[{"embeddable":true,"href":"https:\/\/huvo.hr\/index.php\/wp-json\/wp\/v2\/users\/1"}],"replies":[{"embeddable":true,"href":"https:\/\/huvo.hr\/index.php\/wp-json\/wp\/v2\/comments?post=256"}],"version-history":[{"count":1,"href":"https:\/\/huvo.hr\/index.php\/wp-json\/wp\/v2\/pages\/256\/revisions"}],"predecessor-version":[{"id":257,"href":"https:\/\/huvo.hr\/index.php\/wp-json\/wp\/v2\/pages\/256\/revisions\/257"}],"wp:attachment":[{"href":"https:\/\/huvo.hr\/index.php\/wp-json\/wp\/v2\/media?parent=256"}],"curies":[{"name":"wp","href":"https:\/\/api.w.org\/{rel}","templated":true}]}}